{"id":2426,"date":"2020-08-22T23:57:23","date_gmt":"2020-08-22T23:57:23","guid":{"rendered":"http:\/\/bodegapardotolosa.com\/?page_id=2426"},"modified":"2020-08-23T09:41:54","modified_gmt":"2020-08-23T09:41:54","slug":"contacto","status":"publish","type":"page","link":"http:\/\/bodegapardotolosa.com\/en\/contacto\/","title":{"rendered":"Contact"},"content":{"rendered":"\n\n\t<section class=\"section\" id=\"section_458203839\">\n\t\t<div class=\"section-bg fill\" >\n\t\t\t\t\t\t\t\t\t\n\t\t\t\n\n\t\t<\/div>\n\n\t\t\n\n\t\t<div class=\"section-content relative\">\n\t\t\t\n\n<div class=\"container section-title-container\" ><h3 class=\"section-title section-title-center\"><b aria-hidden=\"true\"><\/b><span class=\"section-title-main\" style=\"color:rgb(142, 45, 90);\">contacte con nosotros<\/span><b aria-hidden=\"true\"><\/b><\/h3><\/div>\n\n\t<div class=\"img has-hover x md-x lg-x y md-y lg-y\" id=\"image_1788630167\">\n\t\t\t\t\t\t\t\t<div class=\"img-inner dark\" >\n\t\t\t<img loading=\"lazy\" decoding=\"async\" width=\"533\" height=\"400\" src=\"http:\/\/bodegapardotolosa.com\/wp-content\/uploads\/2020\/08\/1-BODEGA-01-1-533x400.jpg\" class=\"attachment-medium size-medium\" alt=\"\" srcset=\"http:\/\/bodegapardotolosa.com\/wp-content\/uploads\/2020\/08\/1-BODEGA-01-1-533x400.jpg 533w, http:\/\/bodegapardotolosa.com\/wp-content\/uploads\/2020\/08\/1-BODEGA-01-1-scaled-510x383.jpg 510w, http:\/\/bodegapardotolosa.com\/wp-content\/uploads\/2020\/08\/1-BODEGA-01-1-1067x800.jpg 1067w, http:\/\/bodegapardotolosa.com\/wp-content\/uploads\/2020\/08\/1-BODEGA-01-1-768x576.jpg 768w, http:\/\/bodegapardotolosa.com\/wp-content\/uploads\/2020\/08\/1-BODEGA-01-1-1536x1152.jpg 1536w, http:\/\/bodegapardotolosa.com\/wp-content\/uploads\/2020\/08\/1-BODEGA-01-1-2048x1536.jpg 2048w, http:\/\/bodegapardotolosa.com\/wp-content\/uploads\/2020\/08\/1-BODEGA-01-1-scaled-247x185.jpg 247w\" sizes=\"auto, (max-width: 533px) 100vw, 533px\" \/>\t\t\t\t\t\t\n\t\t\t\t\t<\/div>\n\t\t\t\t\t\t\t\t\n<style>\n#image_1788630167 {\n  width: 100%;\n}\n<\/style>\n\t<\/div>\n\t\n\n\n\t\t<\/div>\n\n\t\t\n<style>\n#section_458203839 {\n  padding-top: 30px;\n  padding-bottom: 30px;\n}\n<\/style>\n\t<\/section>\n\t\n<div class=\"row\"  id=\"row-259895367\">\n\n\n\t<div id=\"col-317442707\" class=\"col medium-6 small-12 large-6\"  >\n\t\t\t\t<div class=\"col-inner\"  >\n\t\t\t\n\t\t\t\n\n<div class=\"container section-title-container\" ><h3 class=\"section-title section-title-center\"><b aria-hidden=\"true\"><\/b><span class=\"section-title-main\" style=\"color:rgb(142, 45, 90);\">DEJE AQU\u00cd SU MENSAJE<\/span><b aria-hidden=\"true\"><\/b><\/h3><\/div>\n\n\n<div class=\"wpcf7 no-js\" id=\"wpcf7-f2005-o1\" lang=\"en-US\" dir=\"ltr\" data-wpcf7-id=\"2005\">\n<div class=\"screen-reader-response\"><p role=\"status\" aria-live=\"polite\" aria-atomic=\"true\"><\/p> <ul><\/ul><\/div>\n<form action=\"\/en\/wp-json\/wp\/v2\/pages\/2426#wpcf7-f2005-o1\" method=\"post\" class=\"wpcf7-form init\" aria-label=\"Contact form\" novalidate=\"novalidate\" data-status=\"init\">\n<fieldset class=\"hidden-fields-container\"><input type=\"hidden\" name=\"_wpcf7\" value=\"2005\" \/><input type=\"hidden\" name=\"_wpcf7_version\" value=\"6.1.5\" \/><input type=\"hidden\" name=\"_wpcf7_locale\" value=\"en_US\" \/><input type=\"hidden\" name=\"_wpcf7_unit_tag\" value=\"wpcf7-f2005-o1\" \/><input type=\"hidden\" name=\"_wpcf7_container_post\" value=\"0\" \/><input type=\"hidden\" name=\"_wpcf7_posted_data_hash\" value=\"\" \/><input type=\"hidden\" name=\"_wpcf7_recaptcha_response\" value=\"\" \/>\n<\/fieldset>\n<div class=\"form-flat\">\n\t<p><span class=\"wpcf7-form-control-wrap\" data-name=\"your-name\"><input size=\"40\" maxlength=\"400\" class=\"wpcf7-form-control wpcf7-text wpcf7-validates-as-required\" aria-required=\"true\" aria-invalid=\"false\" placeholder=\"Nombre\" value=\"\" type=\"text\" name=\"your-name\" \/><\/span>\n\t<\/p>\n\t<p><span class=\"wpcf7-form-control-wrap\" data-name=\"your-email\"><input size=\"40\" maxlength=\"400\" class=\"wpcf7-form-control wpcf7-email wpcf7-validates-as-required wpcf7-text wpcf7-validates-as-email\" aria-required=\"true\" aria-invalid=\"false\" placeholder=\"Email\" value=\"\" type=\"email\" name=\"your-email\" \/><\/span>\n\t<\/p>\n\t<p><span class=\"wpcf7-form-control-wrap\" data-name=\"tel-663\"><input size=\"40\" maxlength=\"400\" class=\"wpcf7-form-control wpcf7-tel wpcf7-validates-as-required wpcf7-text wpcf7-validates-as-tel\" aria-required=\"true\" aria-invalid=\"false\" placeholder=\"Tel\u00e9fono\" value=\"\" type=\"tel\" name=\"tel-663\" \/><\/span>\n\t<\/p>\n\t<p><span class=\"wpcf7-form-control-wrap\" data-name=\"your-message\"><textarea cols=\"40\" rows=\"10\" maxlength=\"2000\" class=\"wpcf7-form-control wpcf7-textarea\" aria-invalid=\"false\" placeholder=\"Mensaje\" name=\"your-message\"><\/textarea><\/span>\n\t<\/p>\n\t<div class=\"wpcf7_rgpdivw\">\n\t\t<p>VINOS DE ALBOREA SL en calidad de Responsable, le informa que la finalidad del tratamiento de sus datos es gestionar la solicitud de informaci\u00f3n y\/o respuesta a la consulta planteada en el mensaje. La legitimaci\u00f3n del tratamiento es el consentimiento del interesado. Sus datos no se ceder\u00e1n a terceros, salvo obligaci\u00f3n legal. Puede ejercer sus derechos de Acceso, Rectificaci\u00f3n, Supresi\u00f3n, Portabilidad, Limitaci\u00f3n u Oposici\u00f3n al tratamiento de los datos aportados ante VINOS DE ALBOREA SL\n\t\t<\/p>\n\t<\/div>\n\t<p><span class=\"wpcf7-form-control-wrap\" data-name=\"Privacidad\"><span class=\"wpcf7-form-control wpcf7-acceptance\"><span class=\"wpcf7-list-item\"><label><input type=\"checkbox\" name=\"Privacidad\" value=\"1\" aria-invalid=\"false\" \/><span class=\"wpcf7-list-item-label\">He le\u00eddo y acepto la <a rel=\"nofollow\" href=\"\/politica-de-privacidad\">Pol\u00edtica de Privacidad<\/a>.<\/span><\/label><\/span><\/span><\/span><br \/>\n<input class=\"wpcf7-form-control wpcf7-submit has-spinner button\" type=\"submit\" value=\"Enviar\" \/>\n\t<\/p>\n<\/div><div class=\"wpcf7-response-output\" aria-hidden=\"true\"><\/div>\n<\/form>\n<\/div>\n\n\n\n\t\t<\/div>\n\t\t\t\t\t<\/div>\n\n\t\n\n\t<div id=\"col-570000442\" class=\"col medium-6 small-12 large-6\"  >\n\t\t\t\t<div class=\"col-inner\"  >\n\t\t\t\n\t\t\t\n\n\n\t\t<div class=\"icon-box featured-box icon-box-top text-left\"  >\n\t\t\t\t<div class=\"icon-box-text last-reset\">\n\t\t\t\t\t\t\t\t\t\n\n<h3 style=\"text-align: center;\"><span data-text-color=\"primary\">Estaremos encantados de atenderle\u00a0<\/span><\/h3>\n<p><span data-text-color=\"primary\">Puede enviarnos un correo eletr\u00f3nico o bien escribirnos directamente a trav\u00e9s de este formulario de contacto. En breve nos pondremos en contacto con usted.<\/span><\/p>\n\n\t\t<\/div>\n\t<\/div>\n\t\n\t\n\n\t\t<div class=\"icon-box featured-box icon-box-center text-center\"  >\n\t\t\t\t\t<div class=\"icon-box-img\" style=\"width: 44px\">\n\t\t\t\t<div class=\"icon\">\n\t\t\t\t\t<div class=\"icon-inner\" >\n\t\t\t\t\t\t<img loading=\"lazy\" decoding=\"async\" width=\"400\" height=\"400\" src=\"http:\/\/bodegapardotolosa.com\/wp-content\/uploads\/2020\/08\/ubicacion-400x400.png\" class=\"attachment-medium size-medium\" alt=\"\" srcset=\"http:\/\/bodegapardotolosa.com\/wp-content\/uploads\/2020\/08\/ubicacion-400x400.png 400w, http:\/\/bodegapardotolosa.com\/wp-content\/uploads\/2020\/08\/ubicacion-510x510.png 510w, http:\/\/bodegapardotolosa.com\/wp-content\/uploads\/2020\/08\/ubicacion-100x100.png 100w, http:\/\/bodegapardotolosa.com\/wp-content\/uploads\/2020\/08\/ubicacion-280x280.png 280w, http:\/\/bodegapardotolosa.com\/wp-content\/uploads\/2020\/08\/ubicacion-247x247.png 247w, http:\/\/bodegapardotolosa.com\/wp-content\/uploads\/2020\/08\/ubicacion.png 512w\" sizes=\"auto, (max-width: 400px) 100vw, 400px\" \/>\t\t\t\t\t<\/div>\n\t\t\t\t<\/div>\n\t\t\t<\/div>\n\t\t\t\t<div class=\"icon-box-text last-reset\">\n\t\t\t\t\t\t\t\t\t\n\n<h6><span data-text-color=\"primary\">VINOS DE ALBOREA, S.L. BODEGA PARDO TOLOSA C\/ VILLATOYA, 26 02215 ALBOREA (ALBACETE)<\/span><\/h6>\n\n\t\t<\/div>\n\t<\/div>\n\t\n\t\n\n\t\t<div class=\"icon-box featured-box icon-box-center text-center\"  >\n\t\t\t\t\t<div class=\"icon-box-img\" style=\"width: 44px\">\n\t\t\t\t<div class=\"icon\">\n\t\t\t\t\t<div class=\"icon-inner\" >\n\t\t\t\t\t\t<img loading=\"lazy\" decoding=\"async\" width=\"400\" height=\"400\" src=\"http:\/\/bodegapardotolosa.com\/wp-content\/uploads\/2020\/08\/telefono-400x400.png\" class=\"attachment-medium size-medium\" alt=\"\" srcset=\"http:\/\/bodegapardotolosa.com\/wp-content\/uploads\/2020\/08\/telefono-400x400.png 400w, http:\/\/bodegapardotolosa.com\/wp-content\/uploads\/2020\/08\/telefono-510x510.png 510w, http:\/\/bodegapardotolosa.com\/wp-content\/uploads\/2020\/08\/telefono-100x100.png 100w, http:\/\/bodegapardotolosa.com\/wp-content\/uploads\/2020\/08\/telefono-280x280.png 280w, http:\/\/bodegapardotolosa.com\/wp-content\/uploads\/2020\/08\/telefono-247x247.png 247w, http:\/\/bodegapardotolosa.com\/wp-content\/uploads\/2020\/08\/telefono.png 512w\" sizes=\"auto, (max-width: 400px) 100vw, 400px\" \/>\t\t\t\t\t<\/div>\n\t\t\t\t<\/div>\n\t\t\t<\/div>\n\t\t\t\t<div class=\"icon-box-text last-reset\">\n\t\t\t\t\t\t\t\t\t\n\n<h6><span data-text-color=\"primary\">T +34963517067\u00a0 |\u00a0 \u00a0F. +34961668213<\/span><\/h6>\n\n\t\t<\/div>\n\t<\/div>\n\t\n\t\n\n\t\t<div class=\"icon-box featured-box icon-box-center text-center\"  >\n\t\t\t\t\t<div class=\"icon-box-img\" style=\"width: 44px\">\n\t\t\t\t<div class=\"icon\">\n\t\t\t\t\t<div class=\"icon-inner\" >\n\t\t\t\t\t\t<img loading=\"lazy\" decoding=\"async\" width=\"400\" height=\"400\" src=\"http:\/\/bodegapardotolosa.com\/wp-content\/uploads\/2020\/08\/correo-400x400.png\" class=\"attachment-medium size-medium\" alt=\"\" srcset=\"http:\/\/bodegapardotolosa.com\/wp-content\/uploads\/2020\/08\/correo-400x400.png 400w, http:\/\/bodegapardotolosa.com\/wp-content\/uploads\/2020\/08\/correo-510x510.png 510w, http:\/\/bodegapardotolosa.com\/wp-content\/uploads\/2020\/08\/correo-100x100.png 100w, http:\/\/bodegapardotolosa.com\/wp-content\/uploads\/2020\/08\/correo-280x280.png 280w, http:\/\/bodegapardotolosa.com\/wp-content\/uploads\/2020\/08\/correo-247x247.png 247w, http:\/\/bodegapardotolosa.com\/wp-content\/uploads\/2020\/08\/correo.png 512w\" sizes=\"auto, (max-width: 400px) 100vw, 400px\" \/>\t\t\t\t\t<\/div>\n\t\t\t\t<\/div>\n\t\t\t<\/div>\n\t\t\t\t<div class=\"icon-box-text last-reset\">\n\t\t\t\t\t\t\t\t\t\n\n<h6><a href=\"mailto:ventas@bodegapardotolosa.com\">ventas@bodegapardotolosa.com <\/a><\/h6>\n<h6><a href=\"mailto:direccion@bodegapardotolosa.com\">direccion@bodegapardotolosa.com<\/a><\/h6>\n\n\t\t<\/div>\n\t<\/div>\n\t\n\t\n\n\t\t<\/div>\n\t\t\t\t\t<\/div>\n\n\t\n\n<\/div>\n\n\t<section class=\"section\" id=\"section_1862811048\">\n\t\t<div class=\"section-bg fill\" >\n\t\t\t\t\t\t\t\t\t\n\t\t\t\n\n\t\t<\/div>\n\n\t\t\n\n\t\t<div class=\"section-content relative\">\n\t\t\t\n\n\n\t<script type=\"text\/javascript\">\n  jQuery( document ).ready(function() {\n    function initialize() {\n        var styles = {\n            'flatsome':  [{\n            \"featureType\": \"administrative\",\n            \"stylers\": [\n              { \"visibility\": \"on\" }\n            ]\n          },\n          {\n            \"featureType\": \"road\",\n            \"stylers\": [\n              { \"visibility\": \"on\" },\n              { \"hue\": \"\" }\n            ]\n          },\n          {\n            \"stylers\": [\n\t\t\t  { \"visibility\": \"on\" },\n\t\t\t  { \"hue\": \"\" },\n\t\t\t  { \"saturation\": -22 }\n            ]\n          }\n        ]};\n\n        var myLatlng = new google.maps.LatLng(39.2604523, -1.415756);\n        var myOptions = {\n            zoom: 11,\n            center: myLatlng,\n            mapTypeId: google.maps.MapTypeId.ROADMAP,\n            disableDefaultUI: true,\n            mapTypeId: 'flatsome',\n            draggable: true,\n            zoomControl: true,\n            zoomControlOptions: {\n              position: google.maps.ControlPosition.TOP_LEFT\n            },\n      \t\t\tmapTypeControl: true,\n            mapTypeControlOptions: {\n              position: google.maps.ControlPosition.TOP_LEFT\n            },\n      \t\t\tstreetViewControl: false,\n            streetViewControlOptions: {\n              position: google.maps.ControlPosition.TOP_LEFT\n            },\n            scrollwheel: false,\n            disableDoubleClickZoom: true\n        }\n        var map = new google.maps.Map(document.getElementById(\"map-218961200-inner\"), myOptions);\n        var styledMapType = new google.maps.StyledMapType(styles['flatsome'], {name: 'flatsome'});\n        map.mapTypes.set('flatsome', styledMapType);\n\n        var marker = new google.maps.Marker({\n            position: myLatlng,\n            map: map,\n            title:\"\"\n        });\n    }\n\n    \/\/ Required to proceed\n    if (!(typeof google === 'object' && typeof google.maps === 'object')) {\n      return\n    }\n\n    initialize()\n    google.maps.event.addDomListener(window, 'resize', initialize);\n    });\n    <\/script>\n\n    <div class=\"google-map relative mb\" id=\"map-218961200\">\n        <div class=\"map-height\" id=\"map-218961200-inner\"><\/div>\n        <div id=\"map_overlay_top\"><\/div>\n        <div id=\"map_overlay_bottom\"><\/div>\n         \n       \n<style>\n#map-218961200 .map-inner {\n  background-color: #fff;\n  max-width: 100%;\n}\n#map-218961200 .map-height {\n  height: 400px;\n}\n@media (min-width:550px) {\n  #map-218961200 .map-inner {\n    max-width: 40%;\n  }\n}\n@media (min-width:850px) {\n  #map-218961200 .map-inner {\n    max-width: 30%;\n  }\n}\n<\/style>\n    <\/div>\n\n\t\n\n\t\t<\/div>\n\n\t\t\n<style>\n#section_1862811048 {\n  padding-top: 30px;\n  padding-bottom: 30px;\n}\n<\/style>\n\t<\/section>\n\t\n\n","protected":false},"excerpt":{"rendered":"","protected":false},"author":1,"featured_media":0,"parent":0,"menu_order":0,"comment_status":"closed","ping_status":"closed","template":"","meta":{"iawp_total_views":513,"footnotes":""},"class_list":["post-2426","page","type-page","status-publish","hentry"],"yoast_head":"<!-- This site is optimized with the Yoast SEO plugin v27.1 - https:\/\/yoast.com\/product\/yoast-seo-wordpress\/ -->\n<title>Contacto - Bodega Pardo Tolosa<\/title>\n<meta name=\"robots\" content=\"index, follow, max-snippet:-1, max-image-preview:large, max-video-preview:-1\" \/>\n<link rel=\"canonical\" href=\"http:\/\/bodegapardotolosa.com\/en\/contact\/\" \/>\n<meta property=\"og:locale\" content=\"en_GB\" \/>\n<meta property=\"og:type\" content=\"article\" \/>\n<meta property=\"og:title\" content=\"Contacto - Bodega Pardo Tolosa\" \/>\n<meta property=\"og:url\" content=\"http:\/\/bodegapardotolosa.com\/en\/contact\/\" \/>\n<meta property=\"og:site_name\" content=\"Bodega Pardo Tolosa\" \/>\n<meta property=\"article:modified_time\" content=\"2020-08-23T09:41:54+00:00\" \/>\n<meta name=\"twitter:card\" content=\"summary_large_image\" \/>\n<meta name=\"twitter:label1\" content=\"Estimated reading time\" \/>\n\t<meta name=\"twitter:data1\" content=\"1 minute\" \/>\n<script type=\"application\/ld+json\" class=\"yoast-schema-graph\">{\"@context\":\"https:\/\/schema.org\",\"@graph\":[{\"@type\":\"WebPage\",\"@id\":\"http:\/\/bodegapardotolosa.com\/contacto\/\",\"url\":\"http:\/\/bodegapardotolosa.com\/contacto\/\",\"name\":\"Contacto - Bodega Pardo Tolosa\",\"isPartOf\":{\"@id\":\"https:\/\/bodegapardotolosa.com\/#website\"},\"datePublished\":\"2020-08-22T23:57:23+00:00\",\"dateModified\":\"2020-08-23T09:41:54+00:00\",\"breadcrumb\":{\"@id\":\"http:\/\/bodegapardotolosa.com\/contacto\/#breadcrumb\"},\"inLanguage\":\"en-GB\",\"potentialAction\":[{\"@type\":\"ReadAction\",\"target\":[\"http:\/\/bodegapardotolosa.com\/contacto\/\"]}]},{\"@type\":\"BreadcrumbList\",\"@id\":\"http:\/\/bodegapardotolosa.com\/contacto\/#breadcrumb\",\"itemListElement\":[{\"@type\":\"ListItem\",\"position\":1,\"name\":\"Home\",\"item\":\"https:\/\/bodegapardotolosa.com\/\"},{\"@type\":\"ListItem\",\"position\":2,\"name\":\"Contacto\"}]},{\"@type\":\"WebSite\",\"@id\":\"https:\/\/bodegapardotolosa.com\/#website\",\"url\":\"https:\/\/bodegapardotolosa.com\/\",\"name\":\"Bodega Pardo Tolosa\",\"description\":\"Tradici\u00f3n y Vanguardia al Servicio del Vino\",\"potentialAction\":[{\"@type\":\"SearchAction\",\"target\":{\"@type\":\"EntryPoint\",\"urlTemplate\":\"https:\/\/bodegapardotolosa.com\/?s={search_term_string}\"},\"query-input\":{\"@type\":\"PropertyValueSpecification\",\"valueRequired\":true,\"valueName\":\"search_term_string\"}}],\"inLanguage\":\"en-GB\"}]}<\/script>\n<!-- \/ Yoast SEO plugin. -->","yoast_head_json":{"title":"Contact - Bodega Pardo Tolosa","robots":{"index":"index","follow":"follow","max-snippet":"max-snippet:-1","max-image-preview":"max-image-preview:large","max-video-preview":"max-video-preview:-1"},"canonical":"http:\/\/bodegapardotolosa.com\/en\/contact\/","og_locale":"en_GB","og_type":"article","og_title":"Contacto - Bodega Pardo Tolosa","og_url":"http:\/\/bodegapardotolosa.com\/en\/contact\/","og_site_name":"Bodega Pardo Tolosa","article_modified_time":"2020-08-23T09:41:54+00:00","twitter_card":"summary_large_image","twitter_misc":{"Estimated reading time":"1 minute"},"schema":{"@context":"https:\/\/schema.org","@graph":[{"@type":"WebPage","@id":"http:\/\/bodegapardotolosa.com\/contacto\/","url":"http:\/\/bodegapardotolosa.com\/contacto\/","name":"Contact - Bodega Pardo Tolosa","isPartOf":{"@id":"https:\/\/bodegapardotolosa.com\/#website"},"datePublished":"2020-08-22T23:57:23+00:00","dateModified":"2020-08-23T09:41:54+00:00","breadcrumb":{"@id":"http:\/\/bodegapardotolosa.com\/contacto\/#breadcrumb"},"inLanguage":"en-GB","potentialAction":[{"@type":"ReadAction","target":["http:\/\/bodegapardotolosa.com\/contacto\/"]}]},{"@type":"BreadcrumbList","@id":"http:\/\/bodegapardotolosa.com\/contacto\/#breadcrumb","itemListElement":[{"@type":"ListItem","position":1,"name":"Home","item":"https:\/\/bodegapardotolosa.com\/"},{"@type":"ListItem","position":2,"name":"Contacto"}]},{"@type":"WebSite","@id":"https:\/\/bodegapardotolosa.com\/#website","url":"https:\/\/bodegapardotolosa.com\/","name":"Bodega Pardo Tolosa","description":"Tradici\u00f3n y Vanguardia al Servicio del Vino","potentialAction":[{"@type":"SearchAction","target":{"@type":"EntryPoint","urlTemplate":"https:\/\/bodegapardotolosa.com\/?s={search_term_string}"},"query-input":{"@type":"PropertyValueSpecification","valueRequired":true,"valueName":"search_term_string"}}],"inLanguage":"en-GB"}]}},"_links":{"self":[{"href":"http:\/\/bodegapardotolosa.com\/en\/wp-json\/wp\/v2\/pages\/2426","targetHints":{"allow":["GET"]}}],"collection":[{"href":"http:\/\/bodegapardotolosa.com\/en\/wp-json\/wp\/v2\/pages"}],"about":[{"href":"http:\/\/bodegapardotolosa.com\/en\/wp-json\/wp\/v2\/types\/page"}],"author":[{"embeddable":true,"href":"http:\/\/bodegapardotolosa.com\/en\/wp-json\/wp\/v2\/users\/1"}],"replies":[{"embeddable":true,"href":"http:\/\/bodegapardotolosa.com\/en\/wp-json\/wp\/v2\/comments?post=2426"}],"version-history":[{"count":6,"href":"http:\/\/bodegapardotolosa.com\/en\/wp-json\/wp\/v2\/pages\/2426\/revisions"}],"predecessor-version":[{"id":2536,"href":"http:\/\/bodegapardotolosa.com\/en\/wp-json\/wp\/v2\/pages\/2426\/revisions\/2536"}],"wp:attachment":[{"href":"http:\/\/bodegapardotolosa.com\/en\/wp-json\/wp\/v2\/media?parent=2426"}],"curies":[{"name":"wp","href":"https:\/\/api.w.org\/{rel}","templated":true}]}}