{"id":3895,"date":"2020-11-17T13:20:38","date_gmt":"2020-11-17T12:20:38","guid":{"rendered":"http:\/\/bodegapardotolosa.com\/?page_id=3895"},"modified":"2022-02-07T12:12:35","modified_gmt":"2022-02-07T11:12:35","slug":"devoluciones","status":"publish","type":"page","link":"http:\/\/bodegapardotolosa.com\/en\/devoluciones\/","title":{"rendered":"Refunds"},"content":{"rendered":"<p><em><strong>REFUND<\/strong><\/em><\/p>\n\n\n\n<p><em><strong>Withdrawal \/ unilateral revocation of the requested order:<\/strong><\/em><em> In accordance with the provisions of art. 104 of Royal Legislative Decree 1\/2007, which approves the revised text of the General Law for the Defense of Consumers and Users, the client (consumers or users are considered only natural or legal persons who acquire, use or enjoy the product as final recipients) will have the right to revoke the requested order within a period of fourteen days from receipt thereof, prior communication to <\/em><strong><em>VINOS DE ALBOREA<\/em><\/strong><em> within that period so that the appropriate return channels are established (return number, and form and delivery address of the return shipment), with a refund of the price only of the product that had been paid for it. In case of exercising this right of withdrawal, the return costs and the damages suffered by the product or merchandise will be borne by the customer. In cases of use, breakage of the seal or opening of the container of the good, said return won\u00b4t be accepted, unless it has been stated on the delivery note. The return costs will be subtracted from the price of the product at the time of the return of the money. In no case will it be possible to manage returns or exchange of merchandise procedures at our registered office.<\/em><\/p>\n\n\n\n<p><em><strong>VINOS DE ALBOREA<\/strong><\/em><em> won\u00b4t be responsible for returns on products handled by the client, or those merchandise that are returned incomplete both in their main elements and accessories. The right of withdrawal won\u00b4t proceed outside the indicated period that due to its nature cannot be returned. Neither will the withdrawal of goods or orders that may be considered due to their special characteristics as requested by the client.<\/em><\/p>\n\n\n\n<p><em>In case of exercising the right of withdrawal, you can download the form at the following <\/em><strong><em><a href=\"http:\/\/bodegapardotolosa.com\/wp-content\/uploads\/2022\/02\/7-Formulario-desestimiento-online.pdf\" target=\"_blank\" rel=\"noreferrer noopener nofollow\">link<\/a><\/em><\/strong>.<\/p>\n\n\n\n<p><em>You must send the product, together with the withdrawal file, to:<\/em><\/p>\n\n\n\n<p><em>VINOS DE ALBOREA, S.L.<\/em><br><em>BODEGA PARDO TOLOSA<\/em><br><em>C\/ VILLATOYA, 26<\/em><br><em>02215 ALBOREA (ALBACETE)<\/em><\/p>\n\n\n\n<p><em>For any incident related to the return of items from our store, you can contact our Customer Service department by phone: (+34) 963517067<\/em><\/p>\n\n\n\n<p><em><strong>Professionals<\/strong><\/em><em>: They won\u00b4t be considered consumers and users who, without becoming final recipients, acquire, store, use or consume goods or services, in order to integrate them into processes of production, transformation, marketing or provision to third parties, so they aren\u00b4t  they benefit from the rights granted to consumers.<\/em><\/p>\n\n\n\n<p><em><strong>Instructions for shipping products<\/strong><\/em><em>: The delivery of a possible return won\u00b4t be managed directly at our facilities, but will be delivered to the carrier for shipment. We inform that, to avoid any incident, it is necessary that the smaller products are protected by an external packaging - just as you have received it at your home - and thus avoid any type of damage or manipulation of the original packaging of the product during transport. For larger products, an external packaging protecting the original is not essential, however, it is important that you ensure that the product is sent properly protected inside the original box with the protections intended for this purpose (corks, polystyrene, plastic bubble, etc.) and avoiding any type of manipulation in it. For any questions about the correct delivery of the products, contact our Customer Service department.<\/em><\/p>","protected":false},"excerpt":{"rendered":"<p>DEVOLUCIONES Desistimiento\/revocaci\u00f3n unilateral del pedido solicitado: De conformidad con lo previsto en el art. 104 del Real Decreto Legislativo 1\/2007, por el que se aprueba el texto refundido de la Ley General para la Defensa de los Consumidores y Usuarios, el cliente (consumidores o usuarios se consideran \u00fanicamente las personas f\u00edsicas o jur\u00eddicas que adquieren, [&#8230;]\n","protected":false},"author":1,"featured_media":0,"parent":0,"menu_order":0,"comment_status":"closed","ping_status":"closed","template":"","meta":{"iawp_total_views":31,"footnotes":""},"class_list":["post-3895","page","type-page","status-publish","hentry"],"yoast_head":"<!-- This site is optimized with the Yoast SEO plugin v27.1 - https:\/\/yoast.com\/product\/yoast-seo-wordpress\/ -->\n<title>Devoluciones - Bodega Pardo Tolosa<\/title>\n<meta name=\"robots\" content=\"index, follow, max-snippet:-1, max-image-preview:large, max-video-preview:-1\" \/>\n<link rel=\"canonical\" href=\"https:\/\/bodegapardotolosa.com\/en\/refunds\/\" \/>\n<meta property=\"og:locale\" content=\"en_GB\" \/>\n<meta property=\"og:type\" content=\"article\" \/>\n<meta property=\"og:title\" content=\"Devoluciones - Bodega Pardo Tolosa\" \/>\n<meta property=\"og:description\" content=\"DEVOLUCIONES Desistimiento\/revocaci\u00f3n unilateral del pedido solicitado: De conformidad con lo previsto en el art. 104 del Real Decreto Legislativo 1\/2007, por el que se aprueba el texto refundido de la Ley General para la Defensa de los Consumidores y Usuarios, el cliente (consumidores o usuarios se consideran \u00fanicamente las personas f\u00edsicas o jur\u00eddicas que adquieren, [...]\" \/>\n<meta property=\"og:url\" content=\"https:\/\/bodegapardotolosa.com\/en\/refunds\/\" \/>\n<meta property=\"og:site_name\" content=\"Bodega Pardo Tolosa\" \/>\n<meta property=\"article:modified_time\" content=\"2022-02-07T11:12:35+00:00\" \/>\n<meta name=\"twitter:card\" content=\"summary_large_image\" \/>\n<meta name=\"twitter:label1\" content=\"Estimated reading time\" \/>\n\t<meta name=\"twitter:data1\" content=\"3 minutes\" \/>\n<script type=\"application\/ld+json\" class=\"yoast-schema-graph\">{\"@context\":\"https:\/\/schema.org\",\"@graph\":[{\"@type\":\"WebPage\",\"@id\":\"https:\/\/bodegapardotolosa.com\/en\/refunds\/\",\"url\":\"https:\/\/bodegapardotolosa.com\/en\/refunds\/\",\"name\":\"Devoluciones - Bodega Pardo Tolosa\",\"isPartOf\":{\"@id\":\"http:\/\/bodegapardotolosa.com\/#website\"},\"datePublished\":\"2020-11-17T12:20:38+00:00\",\"dateModified\":\"2022-02-07T11:12:35+00:00\",\"breadcrumb\":{\"@id\":\"https:\/\/bodegapardotolosa.com\/en\/refunds\/#breadcrumb\"},\"inLanguage\":\"en-GB\",\"potentialAction\":[{\"@type\":\"ReadAction\",\"target\":[\"https:\/\/bodegapardotolosa.com\/en\/refunds\/\"]}]},{\"@type\":\"BreadcrumbList\",\"@id\":\"https:\/\/bodegapardotolosa.com\/en\/refunds\/#breadcrumb\",\"itemListElement\":[{\"@type\":\"ListItem\",\"position\":1,\"name\":\"Home\",\"item\":\"http:\/\/bodegapardotolosa.com\/\"},{\"@type\":\"ListItem\",\"position\":2,\"name\":\"Devoluciones\"}]},{\"@type\":\"WebSite\",\"@id\":\"http:\/\/bodegapardotolosa.com\/#website\",\"url\":\"http:\/\/bodegapardotolosa.com\/\",\"name\":\"Bodega Pardo Tolosa\",\"description\":\"Tradici\u00f3n y Vanguardia al Servicio del Vino\",\"potentialAction\":[{\"@type\":\"SearchAction\",\"target\":{\"@type\":\"EntryPoint\",\"urlTemplate\":\"http:\/\/bodegapardotolosa.com\/?s={search_term_string}\"},\"query-input\":{\"@type\":\"PropertyValueSpecification\",\"valueRequired\":true,\"valueName\":\"search_term_string\"}}],\"inLanguage\":\"en-GB\"}]}<\/script>\n<!-- \/ Yoast SEO plugin. -->","yoast_head_json":{"title":"Refunds - Bodega Pardo Tolosa","robots":{"index":"index","follow":"follow","max-snippet":"max-snippet:-1","max-image-preview":"max-image-preview:large","max-video-preview":"max-video-preview:-1"},"canonical":"https:\/\/bodegapardotolosa.com\/en\/refunds\/","og_locale":"en_GB","og_type":"article","og_title":"Devoluciones - Bodega Pardo Tolosa","og_description":"DEVOLUCIONES Desistimiento\/revocaci\u00f3n unilateral del pedido solicitado: De conformidad con lo previsto en el art. 104 del Real Decreto Legislativo 1\/2007, por el que se aprueba el texto refundido de la Ley General para la Defensa de los Consumidores y Usuarios, el cliente (consumidores o usuarios se consideran \u00fanicamente las personas f\u00edsicas o jur\u00eddicas que adquieren, [...]","og_url":"https:\/\/bodegapardotolosa.com\/en\/refunds\/","og_site_name":"Bodega Pardo Tolosa","article_modified_time":"2022-02-07T11:12:35+00:00","twitter_card":"summary_large_image","twitter_misc":{"Estimated reading time":"3 minutes"},"schema":{"@context":"https:\/\/schema.org","@graph":[{"@type":"WebPage","@id":"https:\/\/bodegapardotolosa.com\/en\/refunds\/","url":"https:\/\/bodegapardotolosa.com\/en\/refunds\/","name":"Refunds - Bodega Pardo Tolosa","isPartOf":{"@id":"http:\/\/bodegapardotolosa.com\/#website"},"datePublished":"2020-11-17T12:20:38+00:00","dateModified":"2022-02-07T11:12:35+00:00","breadcrumb":{"@id":"https:\/\/bodegapardotolosa.com\/en\/refunds\/#breadcrumb"},"inLanguage":"en-GB","potentialAction":[{"@type":"ReadAction","target":["https:\/\/bodegapardotolosa.com\/en\/refunds\/"]}]},{"@type":"BreadcrumbList","@id":"https:\/\/bodegapardotolosa.com\/en\/refunds\/#breadcrumb","itemListElement":[{"@type":"ListItem","position":1,"name":"Home","item":"http:\/\/bodegapardotolosa.com\/"},{"@type":"ListItem","position":2,"name":"Devoluciones"}]},{"@type":"WebSite","@id":"http:\/\/bodegapardotolosa.com\/#website","url":"http:\/\/bodegapardotolosa.com\/","name":"Bodega Pardo Tolosa","description":"Tradici\u00f3n y Vanguardia al Servicio del Vino","potentialAction":[{"@type":"SearchAction","target":{"@type":"EntryPoint","urlTemplate":"http:\/\/bodegapardotolosa.com\/?s={search_term_string}"},"query-input":{"@type":"PropertyValueSpecification","valueRequired":true,"valueName":"search_term_string"}}],"inLanguage":"en-GB"}]}},"_links":{"self":[{"href":"http:\/\/bodegapardotolosa.com\/en\/wp-json\/wp\/v2\/pages\/3895","targetHints":{"allow":["GET"]}}],"collection":[{"href":"http:\/\/bodegapardotolosa.com\/en\/wp-json\/wp\/v2\/pages"}],"about":[{"href":"http:\/\/bodegapardotolosa.com\/en\/wp-json\/wp\/v2\/types\/page"}],"author":[{"embeddable":true,"href":"http:\/\/bodegapardotolosa.com\/en\/wp-json\/wp\/v2\/users\/1"}],"replies":[{"embeddable":true,"href":"http:\/\/bodegapardotolosa.com\/en\/wp-json\/wp\/v2\/comments?post=3895"}],"version-history":[{"count":9,"href":"http:\/\/bodegapardotolosa.com\/en\/wp-json\/wp\/v2\/pages\/3895\/revisions"}],"predecessor-version":[{"id":4121,"href":"http:\/\/bodegapardotolosa.com\/en\/wp-json\/wp\/v2\/pages\/3895\/revisions\/4121"}],"wp:attachment":[{"href":"http:\/\/bodegapardotolosa.com\/en\/wp-json\/wp\/v2\/media?parent=3895"}],"curies":[{"name":"wp","href":"https:\/\/api.w.org\/{rel}","templated":true}]}}