{"id":2521,"date":"2020-08-23T09:12:28","date_gmt":"2020-08-23T08:12:28","guid":{"rendered":"http:\/\/bodegapardotolosa.com\/?post_type=product&#038;p=2521"},"modified":"2023-06-29T10:14:11","modified_gmt":"2023-06-29T09:14:11","slug":"senda-de-las-rochas-crianza-2018-vino-tinto-roble-ecologico-do-manchuela","status":"publish","type":"product","link":"http:\/\/bodegapardotolosa.com\/en\/product\/senda-de-las-rochas-crianza-2018-vino-tinto-roble-ecologico-do-manchuela\/","title":{"rendered":"Senda de las Rochas Crianza 2018, Vino Tinto Roble Ecol\u00f3gico, DO Manchuela"},"content":{"rendered":"<p>Senda de las Rochas Crianza 2018: Vino Tinto-Roble Ecol\u00f3gico D.O. Manchuela.<\/p>\n<p>Senda de las Rochas Crianza 2018 es un vino procedente de nuestras mejores vi\u00f1as y recolectadas en su momento \u00f3ptimo de maduraci\u00f3n. Vino de fermentaci\u00f3n controlada, de procesos respetuosos y maceraciones largas. Con 20 meses en barrica, se acompleja aportando aromas, y la crianza en botella termina refinando un vino elegante, complejo y completo.<\/p>\n<p>Producido con uvas de nuestras tierras de La Manchuela, al igual que todos nuestros vinos est\u00e1 completamente producido y embotellado en nuestra propiedad.<\/p>","protected":false},"excerpt":{"rendered":"<p>Es un vino tinto roble, 20 meses en barrica, 2018, Ecol\u00f3gico, DO Manchuela<\/p>","protected":false},"featured_media":4133,"template":"","meta":{"iawp_total_views":521},"product_brand":[],"product_cat":[71],"product_tag":[95,92,77,89,93,91,85],"class_list":{"0":"post-2521","1":"product","2":"type-product","3":"status-publish","4":"has-post-thumbnail","6":"product_cat-vinos-tintos","7":"product_tag-barrica-de-roble","8":"product_tag-crianza","9":"product_tag-d-o","10":"product_tag-ecologico","11":"product_tag-senda-de-las-rochas","12":"product_tag-vino","13":"product_tag-vino-tinto","15":"first","16":"instock","17":"taxable","18":"shipping-taxable","19":"purchasable","20":"product-type-simple"},"yoast_head":"<!-- This site is optimized with the Yoast SEO plugin v27.1 - https:\/\/yoast.com\/product\/yoast-seo-wordpress\/ -->\n<title>Senda de las Rochas Crianza 2018, Vino Tinto Roble Ecol\u00f3gico, DO Manchuela - Bodega Pardo Tolosa<\/title>\n<meta name=\"robots\" content=\"index, follow, max-snippet:-1, max-image-preview:large, max-video-preview:-1\" \/>\n<link rel=\"canonical\" href=\"http:\/\/bodegapardotolosa.com\/en\/product\/senda-de-las-rochas-crianza-2018-vino-tinto-roble-ecologico-do-manchuela\/\" \/>\n<meta property=\"og:locale\" content=\"en_GB\" \/>\n<meta property=\"og:type\" content=\"article\" \/>\n<meta property=\"og:title\" content=\"Senda de las Rochas Crianza 2018, Vino Tinto Roble Ecol\u00f3gico, DO Manchuela - Bodega Pardo Tolosa\" \/>\n<meta property=\"og:description\" content=\"Es un vino tinto roble, 20 meses en barrica, 2018, Ecol\u00f3gico, DO Manchuela\" \/>\n<meta property=\"og:url\" content=\"http:\/\/bodegapardotolosa.com\/en\/product\/senda-de-las-rochas-crianza-2018-vino-tinto-roble-ecologico-do-manchuela\/\" \/>\n<meta property=\"og:site_name\" content=\"Bodega Pardo Tolosa\" \/>\n<meta property=\"article:modified_time\" content=\"2023-06-29T09:14:11+00:00\" \/>\n<meta property=\"og:image\" content=\"http:\/\/bodegapardotolosa.com\/wp-content\/uploads\/2020\/08\/Senda-de-las-Rochas-2018.jpg\" \/>\n\t<meta property=\"og:image:width\" content=\"1300\" \/>\n\t<meta property=\"og:image:height\" content=\"1600\" \/>\n\t<meta property=\"og:image:type\" content=\"image\/jpeg\" \/>\n<meta name=\"twitter:card\" content=\"summary_large_image\" \/>\n<meta name=\"twitter:label1\" content=\"Estimated reading time\" \/>\n\t<meta name=\"twitter:data1\" content=\"1 minute\" \/>\n<script type=\"application\/ld+json\" class=\"yoast-schema-graph\">{\"@context\":\"https:\/\/schema.org\",\"@graph\":[{\"@type\":\"WebPage\",\"@id\":\"http:\/\/bodegapardotolosa.com\/en\/product\/senda-de-las-rochas-crianza-2018-vino-tinto-roble-ecologico-do-manchuela\/\",\"url\":\"http:\/\/bodegapardotolosa.com\/en\/product\/senda-de-las-rochas-crianza-2018-vino-tinto-roble-ecologico-do-manchuela\/\",\"name\":\"Senda de las Rochas Crianza 2018, Vino Tinto Roble Ecol\u00f3gico, DO Manchuela - Bodega Pardo Tolosa\",\"isPartOf\":{\"@id\":\"https:\/\/bodegapardotolosa.com\/en\/#website\"},\"primaryImageOfPage\":{\"@id\":\"http:\/\/bodegapardotolosa.com\/en\/product\/senda-de-las-rochas-crianza-2018-vino-tinto-roble-ecologico-do-manchuela\/#primaryimage\"},\"image\":{\"@id\":\"http:\/\/bodegapardotolosa.com\/en\/product\/senda-de-las-rochas-crianza-2018-vino-tinto-roble-ecologico-do-manchuela\/#primaryimage\"},\"thumbnailUrl\":\"http:\/\/bodegapardotolosa.com\/wp-content\/uploads\/2020\/08\/Senda-de-las-Rochas-2018.jpg\",\"datePublished\":\"2020-08-23T08:12:28+00:00\",\"dateModified\":\"2023-06-29T09:14:11+00:00\",\"breadcrumb\":{\"@id\":\"http:\/\/bodegapardotolosa.com\/en\/product\/senda-de-las-rochas-crianza-2018-vino-tinto-roble-ecologico-do-manchuela\/#breadcrumb\"},\"inLanguage\":\"en-GB\",\"potentialAction\":[{\"@type\":\"ReadAction\",\"target\":[\"http:\/\/bodegapardotolosa.com\/en\/product\/senda-de-las-rochas-crianza-2018-vino-tinto-roble-ecologico-do-manchuela\/\"]}]},{\"@type\":\"ImageObject\",\"inLanguage\":\"en-GB\",\"@id\":\"http:\/\/bodegapardotolosa.com\/en\/product\/senda-de-las-rochas-crianza-2018-vino-tinto-roble-ecologico-do-manchuela\/#primaryimage\",\"url\":\"http:\/\/bodegapardotolosa.com\/wp-content\/uploads\/2020\/08\/Senda-de-las-Rochas-2018.jpg\",\"contentUrl\":\"http:\/\/bodegapardotolosa.com\/wp-content\/uploads\/2020\/08\/Senda-de-las-Rochas-2018.jpg\",\"width\":1300,\"height\":1600},{\"@type\":\"BreadcrumbList\",\"@id\":\"http:\/\/bodegapardotolosa.com\/en\/product\/senda-de-las-rochas-crianza-2018-vino-tinto-roble-ecologico-do-manchuela\/#breadcrumb\",\"itemListElement\":[{\"@type\":\"ListItem\",\"position\":1,\"name\":\"Home\",\"item\":\"https:\/\/bodegapardotolosa.com\/en\/\"},{\"@type\":\"ListItem\",\"position\":2,\"name\":\"Products\",\"item\":\"https:\/\/bodegapardotolosa.com\/en\/shop\/\"},{\"@type\":\"ListItem\",\"position\":3,\"name\":\"Senda de las Rochas Crianza 2018, Vino Tinto Roble Ecol\u00f3gico, DO Manchuela\"}]},{\"@type\":\"WebSite\",\"@id\":\"https:\/\/bodegapardotolosa.com\/en\/#website\",\"url\":\"https:\/\/bodegapardotolosa.com\/en\/\",\"name\":\"Bodega Pardo Tolosa\",\"description\":\"Tradici\u00f3n y Vanguardia al Servicio del Vino\",\"potentialAction\":[{\"@type\":\"SearchAction\",\"target\":{\"@type\":\"EntryPoint\",\"urlTemplate\":\"https:\/\/bodegapardotolosa.com\/en\/?s={search_term_string}\"},\"query-input\":{\"@type\":\"PropertyValueSpecification\",\"valueRequired\":true,\"valueName\":\"search_term_string\"}}],\"inLanguage\":\"en-GB\"}]}<\/script>\n<!-- \/ Yoast SEO plugin. -->","yoast_head_json":{"title":"Senda de las Rochas Crianza 2018, Vino Tinto Roble Ecol\u00f3gico, DO Manchuela - Bodega Pardo Tolosa","robots":{"index":"index","follow":"follow","max-snippet":"max-snippet:-1","max-image-preview":"max-image-preview:large","max-video-preview":"max-video-preview:-1"},"canonical":"http:\/\/bodegapardotolosa.com\/en\/product\/senda-de-las-rochas-crianza-2018-vino-tinto-roble-ecologico-do-manchuela\/","og_locale":"en_GB","og_type":"article","og_title":"Senda de las Rochas Crianza 2018, Vino Tinto Roble Ecol\u00f3gico, DO Manchuela - Bodega Pardo Tolosa","og_description":"Es un vino tinto roble, 20 meses en barrica, 2018, Ecol\u00f3gico, DO Manchuela","og_url":"http:\/\/bodegapardotolosa.com\/en\/product\/senda-de-las-rochas-crianza-2018-vino-tinto-roble-ecologico-do-manchuela\/","og_site_name":"Bodega Pardo Tolosa","article_modified_time":"2023-06-29T09:14:11+00:00","og_image":[{"width":1300,"height":1600,"url":"http:\/\/bodegapardotolosa.com\/wp-content\/uploads\/2020\/08\/Senda-de-las-Rochas-2018.jpg","type":"image\/jpeg"}],"twitter_card":"summary_large_image","twitter_misc":{"Estimated reading time":"1 minute"},"schema":{"@context":"https:\/\/schema.org","@graph":[{"@type":"WebPage","@id":"http:\/\/bodegapardotolosa.com\/en\/product\/senda-de-las-rochas-crianza-2018-vino-tinto-roble-ecologico-do-manchuela\/","url":"http:\/\/bodegapardotolosa.com\/en\/product\/senda-de-las-rochas-crianza-2018-vino-tinto-roble-ecologico-do-manchuela\/","name":"Senda de las Rochas Crianza 2018, Vino Tinto Roble Ecol\u00f3gico, DO Manchuela - Bodega Pardo Tolosa","isPartOf":{"@id":"https:\/\/bodegapardotolosa.com\/en\/#website"},"primaryImageOfPage":{"@id":"http:\/\/bodegapardotolosa.com\/en\/product\/senda-de-las-rochas-crianza-2018-vino-tinto-roble-ecologico-do-manchuela\/#primaryimage"},"image":{"@id":"http:\/\/bodegapardotolosa.com\/en\/product\/senda-de-las-rochas-crianza-2018-vino-tinto-roble-ecologico-do-manchuela\/#primaryimage"},"thumbnailUrl":"http:\/\/bodegapardotolosa.com\/wp-content\/uploads\/2020\/08\/Senda-de-las-Rochas-2018.jpg","datePublished":"2020-08-23T08:12:28+00:00","dateModified":"2023-06-29T09:14:11+00:00","breadcrumb":{"@id":"http:\/\/bodegapardotolosa.com\/en\/product\/senda-de-las-rochas-crianza-2018-vino-tinto-roble-ecologico-do-manchuela\/#breadcrumb"},"inLanguage":"en-GB","potentialAction":[{"@type":"ReadAction","target":["http:\/\/bodegapardotolosa.com\/en\/product\/senda-de-las-rochas-crianza-2018-vino-tinto-roble-ecologico-do-manchuela\/"]}]},{"@type":"ImageObject","inLanguage":"en-GB","@id":"http:\/\/bodegapardotolosa.com\/en\/product\/senda-de-las-rochas-crianza-2018-vino-tinto-roble-ecologico-do-manchuela\/#primaryimage","url":"http:\/\/bodegapardotolosa.com\/wp-content\/uploads\/2020\/08\/Senda-de-las-Rochas-2018.jpg","contentUrl":"http:\/\/bodegapardotolosa.com\/wp-content\/uploads\/2020\/08\/Senda-de-las-Rochas-2018.jpg","width":1300,"height":1600},{"@type":"BreadcrumbList","@id":"http:\/\/bodegapardotolosa.com\/en\/product\/senda-de-las-rochas-crianza-2018-vino-tinto-roble-ecologico-do-manchuela\/#breadcrumb","itemListElement":[{"@type":"ListItem","position":1,"name":"Home","item":"https:\/\/bodegapardotolosa.com\/en\/"},{"@type":"ListItem","position":2,"name":"Products","item":"https:\/\/bodegapardotolosa.com\/en\/shop\/"},{"@type":"ListItem","position":3,"name":"Senda de las Rochas Crianza 2018, Vino Tinto Roble Ecol\u00f3gico, DO Manchuela"}]},{"@type":"WebSite","@id":"https:\/\/bodegapardotolosa.com\/en\/#website","url":"https:\/\/bodegapardotolosa.com\/en\/","name":"Bodega Pardo Tolosa","description":"Tradici\u00f3n y Vanguardia al Servicio del Vino","potentialAction":[{"@type":"SearchAction","target":{"@type":"EntryPoint","urlTemplate":"https:\/\/bodegapardotolosa.com\/en\/?s={search_term_string}"},"query-input":{"@type":"PropertyValueSpecification","valueRequired":true,"valueName":"search_term_string"}}],"inLanguage":"en-GB"}]}},"_links":{"self":[{"href":"http:\/\/bodegapardotolosa.com\/en\/wp-json\/wp\/v2\/product\/2521","targetHints":{"allow":["GET"]}}],"collection":[{"href":"http:\/\/bodegapardotolosa.com\/en\/wp-json\/wp\/v2\/product"}],"about":[{"href":"http:\/\/bodegapardotolosa.com\/en\/wp-json\/wp\/v2\/types\/product"}],"wp:featuredmedia":[{"embeddable":true,"href":"http:\/\/bodegapardotolosa.com\/en\/wp-json\/wp\/v2\/media\/4133"}],"wp:attachment":[{"href":"http:\/\/bodegapardotolosa.com\/en\/wp-json\/wp\/v2\/media?parent=2521"}],"wp:term":[{"taxonomy":"product_brand","embeddable":true,"href":"http:\/\/bodegapardotolosa.com\/en\/wp-json\/wp\/v2\/product_brand?post=2521"},{"taxonomy":"product_cat","embeddable":true,"href":"http:\/\/bodegapardotolosa.com\/en\/wp-json\/wp\/v2\/product_cat?post=2521"},{"taxonomy":"product_tag","embeddable":true,"href":"http:\/\/bodegapardotolosa.com\/en\/wp-json\/wp\/v2\/product_tag?post=2521"}],"curies":[{"name":"wp","href":"https:\/\/api.w.org\/{rel}","templated":true}]}}