{"id":4134,"date":"2022-05-31T17:25:51","date_gmt":"2022-05-31T16:25:51","guid":{"rendered":"http:\/\/bodegapardotolosa.com\/?post_type=product&#038;p=4134"},"modified":"2023-06-29T12:06:31","modified_gmt":"2023-06-29T11:06:31","slug":"senorio-de-pardo-10l-bag-in-box","status":"publish","type":"product","link":"http:\/\/bodegapardotolosa.com\/en\/product\/senorio-de-pardo-10l-bag-in-box\/","title":{"rendered":"Se\u00f1or\u00edo de Pardo 10L &#8211; Bag In Box"},"content":{"rendered":"<p>Our Se\u00f1or\u00edo de Pardo Red Wine is a table wine with great appeal, a lot of personality and freshness, characterized by its balanced flavor and aroma of ripe fruits wrapped in lactic aromas with a touch of toast at the end.<\/p>\n<p>Produced with Tempranillo grapes from our lands in La Manchuela, like all our wines, it is completely produced and bottled on our property.<\/p>","protected":false},"excerpt":{"rendered":"<p>Es un vino tinto joven de la variedad Tempranillo<\/p>","protected":false},"featured_media":4135,"template":"","meta":{"iawp_total_views":151},"product_brand":[],"product_cat":[71],"product_tag":[216,82,87,80,85,86],"class_list":{"0":"post-4134","1":"product","2":"type-product","3":"status-publish","4":"has-post-thumbnail","6":"product_cat-vinos-tintos","7":"product_tag-bib","8":"product_tag-senorio-de-pardo","9":"product_tag-tempranillo","10":"product_tag-vino-de-mesa","11":"product_tag-vino-tinto","12":"product_tag-vino-tinto-de-mesa","14":"first","15":"instock","16":"taxable","17":"shipping-taxable","18":"purchasable","19":"product-type-simple"},"yoast_head":"<!-- This site is optimized with the Yoast SEO plugin v27.1 - https:\/\/yoast.com\/product\/yoast-seo-wordpress\/ -->\n<title>Se\u00f1or\u00edo de Pardo 10L - Bag In Box - Bodega Pardo Tolosa<\/title>\n<meta name=\"robots\" content=\"index, follow, max-snippet:-1, max-image-preview:large, max-video-preview:-1\" \/>\n<link rel=\"canonical\" href=\"http:\/\/bodegapardotolosa.com\/en\/product\/senorio-de-pardo-10l-bag-in-box\/\" \/>\n<meta property=\"og:locale\" content=\"en_GB\" \/>\n<meta property=\"og:type\" content=\"article\" \/>\n<meta property=\"og:title\" content=\"Se\u00f1or\u00edo de Pardo 10L - Bag In Box - Bodega Pardo Tolosa\" \/>\n<meta property=\"og:description\" content=\"Es un vino tinto joven de la variedad Tempranillo\" \/>\n<meta property=\"og:url\" content=\"http:\/\/bodegapardotolosa.com\/en\/product\/senorio-de-pardo-10l-bag-in-box\/\" \/>\n<meta property=\"og:site_name\" content=\"Bodega Pardo Tolosa\" \/>\n<meta property=\"article:modified_time\" content=\"2023-06-29T11:06:31+00:00\" \/>\n<meta property=\"og:image\" content=\"http:\/\/bodegapardotolosa.com\/wp-content\/uploads\/2022\/05\/Bag-In-Box-Pardo.jpg\" \/>\n\t<meta property=\"og:image:width\" content=\"1267\" \/>\n\t<meta property=\"og:image:height\" content=\"1600\" \/>\n\t<meta property=\"og:image:type\" content=\"image\/jpeg\" \/>\n<meta name=\"twitter:card\" content=\"summary_large_image\" \/>\n<meta name=\"twitter:label1\" content=\"Estimated reading time\" \/>\n\t<meta name=\"twitter:data1\" content=\"1 minute\" \/>\n<script type=\"application\/ld+json\" class=\"yoast-schema-graph\">{\"@context\":\"https:\/\/schema.org\",\"@graph\":[{\"@type\":\"WebPage\",\"@id\":\"http:\/\/bodegapardotolosa.com\/product\/senorio-de-pardo-10l-bag-in-box\/\",\"url\":\"http:\/\/bodegapardotolosa.com\/product\/senorio-de-pardo-10l-bag-in-box\/\",\"name\":\"Se\u00f1or\u00edo de Pardo 10L - Bag In Box - Bodega Pardo Tolosa\",\"isPartOf\":{\"@id\":\"http:\/\/bodegapardotolosa.com\/#website\"},\"primaryImageOfPage\":{\"@id\":\"http:\/\/bodegapardotolosa.com\/product\/senorio-de-pardo-10l-bag-in-box\/#primaryimage\"},\"image\":{\"@id\":\"http:\/\/bodegapardotolosa.com\/product\/senorio-de-pardo-10l-bag-in-box\/#primaryimage\"},\"thumbnailUrl\":\"http:\/\/bodegapardotolosa.com\/wp-content\/uploads\/2022\/05\/Bag-In-Box-Pardo.jpg\",\"datePublished\":\"2022-05-31T16:25:51+00:00\",\"dateModified\":\"2023-06-29T11:06:31+00:00\",\"breadcrumb\":{\"@id\":\"http:\/\/bodegapardotolosa.com\/product\/senorio-de-pardo-10l-bag-in-box\/#breadcrumb\"},\"inLanguage\":\"en-GB\",\"potentialAction\":[{\"@type\":\"ReadAction\",\"target\":[\"http:\/\/bodegapardotolosa.com\/product\/senorio-de-pardo-10l-bag-in-box\/\"]}]},{\"@type\":\"ImageObject\",\"inLanguage\":\"en-GB\",\"@id\":\"http:\/\/bodegapardotolosa.com\/product\/senorio-de-pardo-10l-bag-in-box\/#primaryimage\",\"url\":\"http:\/\/bodegapardotolosa.com\/wp-content\/uploads\/2022\/05\/Bag-In-Box-Pardo.jpg\",\"contentUrl\":\"http:\/\/bodegapardotolosa.com\/wp-content\/uploads\/2022\/05\/Bag-In-Box-Pardo.jpg\",\"width\":1267,\"height\":1600},{\"@type\":\"BreadcrumbList\",\"@id\":\"http:\/\/bodegapardotolosa.com\/product\/senorio-de-pardo-10l-bag-in-box\/#breadcrumb\",\"itemListElement\":[{\"@type\":\"ListItem\",\"position\":1,\"name\":\"Home\",\"item\":\"http:\/\/bodegapardotolosa.com\/\"},{\"@type\":\"ListItem\",\"position\":2,\"name\":\"Products\",\"item\":\"http:\/\/bodegapardotolosa.com\/en\/shop\/\"},{\"@type\":\"ListItem\",\"position\":3,\"name\":\"Se\u00f1or\u00edo de Pardo 10L &#8211; Bag In Box\"}]},{\"@type\":\"WebSite\",\"@id\":\"http:\/\/bodegapardotolosa.com\/#website\",\"url\":\"http:\/\/bodegapardotolosa.com\/\",\"name\":\"Bodega Pardo Tolosa\",\"description\":\"Tradici\u00f3n y Vanguardia al Servicio del Vino\",\"potentialAction\":[{\"@type\":\"SearchAction\",\"target\":{\"@type\":\"EntryPoint\",\"urlTemplate\":\"http:\/\/bodegapardotolosa.com\/?s={search_term_string}\"},\"query-input\":{\"@type\":\"PropertyValueSpecification\",\"valueRequired\":true,\"valueName\":\"search_term_string\"}}],\"inLanguage\":\"en-GB\"}]}<\/script>\n<!-- \/ Yoast SEO plugin. -->","yoast_head_json":{"title":"Se\u00f1or\u00edo de Pardo 10L - Bag In Box - Bodega Pardo Tolosa","robots":{"index":"index","follow":"follow","max-snippet":"max-snippet:-1","max-image-preview":"max-image-preview:large","max-video-preview":"max-video-preview:-1"},"canonical":"http:\/\/bodegapardotolosa.com\/en\/product\/senorio-de-pardo-10l-bag-in-box\/","og_locale":"en_GB","og_type":"article","og_title":"Se\u00f1or\u00edo de Pardo 10L - Bag In Box - Bodega Pardo Tolosa","og_description":"Es un vino tinto joven de la variedad Tempranillo","og_url":"http:\/\/bodegapardotolosa.com\/en\/product\/senorio-de-pardo-10l-bag-in-box\/","og_site_name":"Bodega Pardo Tolosa","article_modified_time":"2023-06-29T11:06:31+00:00","og_image":[{"width":1267,"height":1600,"url":"http:\/\/bodegapardotolosa.com\/wp-content\/uploads\/2022\/05\/Bag-In-Box-Pardo.jpg","type":"image\/jpeg"}],"twitter_card":"summary_large_image","twitter_misc":{"Estimated reading time":"1 minute"},"schema":{"@context":"https:\/\/schema.org","@graph":[{"@type":"WebPage","@id":"http:\/\/bodegapardotolosa.com\/product\/senorio-de-pardo-10l-bag-in-box\/","url":"http:\/\/bodegapardotolosa.com\/product\/senorio-de-pardo-10l-bag-in-box\/","name":"Se\u00f1or\u00edo de Pardo 10L - Bag In Box - Bodega Pardo Tolosa","isPartOf":{"@id":"http:\/\/bodegapardotolosa.com\/#website"},"primaryImageOfPage":{"@id":"http:\/\/bodegapardotolosa.com\/product\/senorio-de-pardo-10l-bag-in-box\/#primaryimage"},"image":{"@id":"http:\/\/bodegapardotolosa.com\/product\/senorio-de-pardo-10l-bag-in-box\/#primaryimage"},"thumbnailUrl":"http:\/\/bodegapardotolosa.com\/wp-content\/uploads\/2022\/05\/Bag-In-Box-Pardo.jpg","datePublished":"2022-05-31T16:25:51+00:00","dateModified":"2023-06-29T11:06:31+00:00","breadcrumb":{"@id":"http:\/\/bodegapardotolosa.com\/product\/senorio-de-pardo-10l-bag-in-box\/#breadcrumb"},"inLanguage":"en-GB","potentialAction":[{"@type":"ReadAction","target":["http:\/\/bodegapardotolosa.com\/product\/senorio-de-pardo-10l-bag-in-box\/"]}]},{"@type":"ImageObject","inLanguage":"en-GB","@id":"http:\/\/bodegapardotolosa.com\/product\/senorio-de-pardo-10l-bag-in-box\/#primaryimage","url":"http:\/\/bodegapardotolosa.com\/wp-content\/uploads\/2022\/05\/Bag-In-Box-Pardo.jpg","contentUrl":"http:\/\/bodegapardotolosa.com\/wp-content\/uploads\/2022\/05\/Bag-In-Box-Pardo.jpg","width":1267,"height":1600},{"@type":"BreadcrumbList","@id":"http:\/\/bodegapardotolosa.com\/product\/senorio-de-pardo-10l-bag-in-box\/#breadcrumb","itemListElement":[{"@type":"ListItem","position":1,"name":"Home","item":"http:\/\/bodegapardotolosa.com\/"},{"@type":"ListItem","position":2,"name":"Products","item":"http:\/\/bodegapardotolosa.com\/en\/shop\/"},{"@type":"ListItem","position":3,"name":"Se\u00f1or\u00edo de Pardo 10L &#8211; Bag In Box"}]},{"@type":"WebSite","@id":"http:\/\/bodegapardotolosa.com\/#website","url":"http:\/\/bodegapardotolosa.com\/","name":"Bodega Pardo Tolosa","description":"Tradici\u00f3n y Vanguardia al Servicio del Vino","potentialAction":[{"@type":"SearchAction","target":{"@type":"EntryPoint","urlTemplate":"http:\/\/bodegapardotolosa.com\/?s={search_term_string}"},"query-input":{"@type":"PropertyValueSpecification","valueRequired":true,"valueName":"search_term_string"}}],"inLanguage":"en-GB"}]}},"_links":{"self":[{"href":"http:\/\/bodegapardotolosa.com\/en\/wp-json\/wp\/v2\/product\/4134","targetHints":{"allow":["GET"]}}],"collection":[{"href":"http:\/\/bodegapardotolosa.com\/en\/wp-json\/wp\/v2\/product"}],"about":[{"href":"http:\/\/bodegapardotolosa.com\/en\/wp-json\/wp\/v2\/types\/product"}],"wp:featuredmedia":[{"embeddable":true,"href":"http:\/\/bodegapardotolosa.com\/en\/wp-json\/wp\/v2\/media\/4135"}],"wp:attachment":[{"href":"http:\/\/bodegapardotolosa.com\/en\/wp-json\/wp\/v2\/media?parent=4134"}],"wp:term":[{"taxonomy":"product_brand","embeddable":true,"href":"http:\/\/bodegapardotolosa.com\/en\/wp-json\/wp\/v2\/product_brand?post=4134"},{"taxonomy":"product_cat","embeddable":true,"href":"http:\/\/bodegapardotolosa.com\/en\/wp-json\/wp\/v2\/product_cat?post=4134"},{"taxonomy":"product_tag","embeddable":true,"href":"http:\/\/bodegapardotolosa.com\/en\/wp-json\/wp\/v2\/product_tag?post=4134"}],"curies":[{"name":"wp","href":"https:\/\/api.w.org\/{rel}","templated":true}]}}